{"id":33,"date":"2021-11-19T10:21:15","date_gmt":"2021-11-19T09:21:15","guid":{"rendered":"http:\/\/www.deviscomi.it\/hanger4d\/?page_id=2"},"modified":"2021-12-12T14:34:07","modified_gmt":"2021-12-12T14:34:07","slug":"faq","status":"publish","type":"page","link":"https:\/\/hanger4d.it\/index.php\/faq\/","title":{"rendered":"FAQ"},"content":{"rendered":"<p>[vc_row][vc_column][vc_toggle title=&#8221;Posso installarlo su qualsiasi cellulare?&#8221;]Hanger4d al momento funziona solamente su cellulari con sistema operativo Android.[\/vc_toggle][vc_toggle title=&#8221;Il cliente finale deve installare l\u2019app?&#8221;]No, deve installarla solamente il titolare del servizio.[\/vc_toggle][vc_toggle title=&#8221;Come faccio ad inviare il QR creato dall\u2019App al cliente?&#8221;]Se il tuo cliente \u00e8 gi\u00e0 registrato nella tua rubrica, puoi mandarlo direttamente.<br \/>\nAltrimenti, facendogli leggere il QR creato dall\u2019App, il cliente verr\u00e0 indirizzato sul suo WhatsApp con preimpostato il numero di cellulare del destinatario, oltre ad un messaggio gi\u00e0 precompilato, confermando l\u2019invio, sar\u00e0 l\u2019ultimo messaggio WhatsApp che l\u2019esercente riceve.<br \/>\n[\/vc_toggle][vc_toggle title=&#8221;\u00c8 possibile duplicare lo stesso numero Assegnato?&#8221;]No, il sistema non lo consente. Per riassegnarlo \u00e8 necessario o registrare il ritiro (funzione PRO) ovvero eliminare il deposito da Liste (sia per la funzione PRO che Lite).[\/vc_toggle][vc_toggle title=&#8221;Se nella stessa serata genero pi\u00f9 volte un QR dello stesso numero, perch\u00e9 \u00e8 stato ritirato, il QR \u00e8 sempre lo stesso?&#8221;]No, il QR \u00e8 univoco per ogni registrazione e creato sulla base di un algoritmo.[\/vc_toggle][vc_toggle title=&#8221;L\u2019App. registra il numero di telefono del cliente finale?&#8221;]No, l\u2019unico punto di scambio \u00e8 rappresentato da WhatsApp ed \u00e8 preferibile evidenziare nelle note che l\u2019Archivio dei messaggi verr\u00e0 cancellato al termine del servizio<\/p>\n<p>Seguendo il percorso<strong> Impostazioni&gt;Note 2&gt; esempio di messaggio \u201ca conclusione del servizio provvederemo con la cancellazione del numero dall&#8217;archivio WhatsApp\u201d.<\/strong>[\/vc_toggle][vc_toggle title=&#8221;Posso usare lo stesso telefono che utilizzo tutti i giorni per utilizzare l\u2019App?&#8221;]Certo.\u00a0 <strong><u>E\u2019 preferibile ed altamente consigliato dedicare un telefono ed una scheda SIM ad hoc solo per l\u2019utilizzo del servizio.<\/u><\/strong>[\/vc_toggle][vc_toggle title=&#8221;Cosa devo mette in Numero di telefono QR?&#8221;]Il numero di telefono (preceduto da prefisso internazionale es +39\u2026) che verr\u00e0 inserito nel QR letto dal cliente e che deve essere ovviamente titolare di una licenza WhatsApp.[\/vc_toggle][vc_toggle title=&#8221;Cosa deve mettere in Intestazione?&#8221;]Il nome del locale, esercizio commerciale ecc. Pu\u00f2 essere anche lasciato in bianco.[\/vc_toggle][vc_toggle title=&#8221;Cosa devo mettere in prefisso etichetta?&#8221;]Pu\u00f2 essere lasciato in bianco. Se valorizzato verr\u00e0 riportato su tutti i ticket.[\/vc_toggle][vc_toggle title=&#8221;Cosa devo mettere in Prefisso codice?&#8221;]Pu\u00f2 essere lasciato in bianco. Se valorizzato verr\u00e0 riportato su tutti i ticket.[\/vc_toggle][vc_toggle title=&#8221;Devo scrivere l\u2019intero Numero di Rif. per ricercare il deposito?&#8221;]Nel caso della versione Pro, puoi utilizzare la fotocamera e rintracciare il deposito sar\u00e0 facilissimo.<\/p>\n<p>Nel caso della versione Lite puoi:<\/p>\n<ul>\n<li>Scrivere l\u2019intero numero di riferimento<\/li>\n<li>Scrivere \u201c_nn\u201d che ti consente di rintracciare il numero.<\/li>\n<\/ul>\n<p>[\/vc_toggle][vc_toggle title=&#8221;Come posso stampare le etichette?&#8221;]Accedendo dal men\u00f9 principale&gt;Etichette QR<\/p>\n<p>Inserire in \u201cda numero Guardaroba\u201d il primo numero che si vuol stampare e in \u201ca numero Guardaroba\u201d l\u2019ultimo numero che si vuole stampare, scegliendo la versione etichetta pi\u00f9 grande \u201c2 etichette per riga\u201d o pi\u00f9 piccola \u201c3 etichette per riga\u201d.[\/vc_toggle][vc_toggle title=&#8221;Ho le stampelle gi\u00e0 numerate, posso utilizzarle?&#8221;]Certo, dovrai per\u00f2 digitare il numero a mano.[\/vc_toggle][vc_toggle title=&#8221;Se un cliente non vuole proprio lasciare un recapito?&#8221;]Puoi inoltragli il numero direttamente via Bluetooth.[\/vc_toggle][vc_toggle title=&#8221;Il cliente non ha pi\u00f9 il cellulare come posso fare?&#8221;]Entra in WhatsApp e digita il suo numero di cellulare, ti aiuter\u00e0 a capire quale sia il numero del suo deposito.[\/vc_toggle][vc_toggle title=&#8221;Come faccio ad aggiungere una foto?&#8221;]Disponibile solo per la versione Pro, dopo aver assegnato il numero di deposito, \u00e8 necessario cliccare sull\u2019icona <img loading=\"lazy\" decoding=\"async\" class=\"alignnone size-full wp-image-1423\" src=\"http:\/\/hanger4d.it\/cms\/wp-content\/uploads\/2021\/12\/macchinetta.png\" alt=\"\" width=\"39\" height=\"28\" \/> ed aggiungere al ticket, una foto dell\u2019oggetto depositato che verr\u00e0 salvato in memoria al fine di non dimenticare nulla.[\/vc_toggle][vc_toggle title=&#8221;Posso estrarre i depositi del giorno?&#8221;]Solo per la versione Pro, \u00e8 possibile da \u201cListe\u201d selezionare i depositi che interessano e cliccando sull\u2019icona <img loading=\"lazy\" decoding=\"async\" class=\"alignnone size-full wp-image-1425\" src=\"http:\/\/hanger4d.it\/cms\/wp-content\/uploads\/2021\/12\/condividi.png\" alt=\"\" width=\"34\" height=\"29\" \/>\u00a0inviare un file xls con tutti i depositi selezionati.[\/vc_toggle][vc_toggle title=&#8221;\u00c8 possibile reinviare un messaggio?&#8221;]Solo per la versione Pro, accedendo a Liste, \u00e8 possibile reinviare il messaggio.[\/vc_toggle][vc_toggle title=&#8221;Come funziona il numeratore automatico?&#8221;]Una volta inserito il numero del primo deposito, attivando la funzione baster\u00e0 ogni volta cliccare sull\u2019icona <img loading=\"lazy\" decoding=\"async\" class=\"alignnone size-full wp-image-1427\" src=\"http:\/\/hanger4d.it\/cms\/wp-content\/uploads\/2021\/12\/qrcode.png\" alt=\"\" width=\"44\" height=\"40\" \/>\u00a0per creare un nuovo ticket ed il numero di deposito avanzer\u00e0 da solo.[\/vc_toggle][vc_toggle title=&#8221;\u00c8 possibile stampare un ticket?&#8221;]Tutto si pu\u00f2 fare ma che App Green sarebbe se lo concedessimo!!![\/vc_toggle][\/vc_column][\/vc_row]<\/p>\n","protected":false},"excerpt":{"rendered":"<p>[vc_row][vc_column][vc_toggle title=&#8221;Posso installarlo su qualsiasi cellulare?&#8221;]Hanger4d al momento funziona solamente su cellulari con sistema operativo Android.[\/vc_toggle][vc_toggle title=&#8221;Il cliente finale deve installare l\u2019app?&#8221;]No, deve installarla solamente il titolare del servizio.[\/vc_toggle][vc_toggle title=&#8221;Come faccio ad inviare il QR creato dall\u2019App al cliente?&#8221;]Se il tuo cliente \u00e8 gi\u00e0 registrato nella tua rubrica, puoi mandarlo direttamente. Altrimenti, facendogli leggere il [&hellip;]<\/p>\n","protected":false},"author":1,"featured_media":0,"parent":0,"menu_order":0,"comment_status":"closed","ping_status":"open","template":"","meta":{"footnotes":""},"class_list":["post-33","page","type-page","status-publish","hentry"],"acf":[],"_links":{"self":[{"href":"https:\/\/hanger4d.it\/index.php\/wp-json\/wp\/v2\/pages\/33","targetHints":{"allow":["GET"]}}],"collection":[{"href":"https:\/\/hanger4d.it\/index.php\/wp-json\/wp\/v2\/pages"}],"about":[{"href":"https:\/\/hanger4d.it\/index.php\/wp-json\/wp\/v2\/types\/page"}],"author":[{"embeddable":true,"href":"https:\/\/hanger4d.it\/index.php\/wp-json\/wp\/v2\/users\/1"}],"replies":[{"embeddable":true,"href":"https:\/\/hanger4d.it\/index.php\/wp-json\/wp\/v2\/comments?post=33"}],"version-history":[{"count":12,"href":"https:\/\/hanger4d.it\/index.php\/wp-json\/wp\/v2\/pages\/33\/revisions"}],"predecessor-version":[{"id":1433,"href":"https:\/\/hanger4d.it\/index.php\/wp-json\/wp\/v2\/pages\/33\/revisions\/1433"}],"wp:attachment":[{"href":"https:\/\/hanger4d.it\/index.php\/wp-json\/wp\/v2\/media?parent=33"}],"curies":[{"name":"wp","href":"https:\/\/api.w.org\/{rel}","templated":true}]}}