{"id":886,"date":"2017-10-04T07:08:13","date_gmt":"2017-10-04T07:08:13","guid":{"rendered":"http:\/\/promo-theme.com\/softa\/?page_id=886"},"modified":"2023-01-08T14:31:09","modified_gmt":"2023-01-08T14:31:09","slug":"mobile-app","status":"publish","type":"page","link":"https:\/\/hanger4d.it\/","title":{"rendered":"Mobile App"},"content":{"rendered":"<p>[vc_row full_width=&#8221;stretch_row&#8221; background_position=&#8221;center center&#8221; css=&#8221;.vc_custom_1637675448155{background-color: #bfbfbf !important;background-position: center !important;background-repeat: no-repeat !important;background-size: cover !important;}&#8221; custom_text_color=&#8221;#ffffff&#8221; el_id=&#8221;home&#8221;][vc_column width=&#8221;1\/2&#8243; css=&#8221;.vc_custom_1507105041583{padding-top: 30% !important;padding-bottom: 30% !important;}&#8221;][vc_column_text]<\/p>\n<h3><strong>Hanger4d<\/strong>: l&#8217;app creata per la <strong>digitalizzazione dei ticket<\/strong> cartacei<\/h3>\n<p><span style=\"font-weight: 300;\">Permette di associare l\u2019oggetto depositato, ad un numero di telefono o email.<\/span>[\/vc_column_text]<a class=\"button-download button-69fb27cf0dc5c\" href=\"https:\/\/play.google.com\/store\/apps\/details?id=com.epas.hangerlt\" target=\"_self\" title=\"\" rel=\"noopener\">\r\n            <i class=\"basic-ui-icon-bag\"><\/i>\r\n            <span>\r\n            Download From<span>Google Play<\/span>\r\n            <\/span>\r\n            <\/a>[\/vc_column][vc_column width=&#8221;1\/2&#8243; css=&#8221;.vc_custom_1507105074485{padding-top: 13% !important;}&#8221;]<div class=\"hand-phone-block\"><div class=\"img\" style=\"background-image: url(https:\/\/hanger4d.it\/cms\/wp-content\/uploads\/2021\/11\/WhatsApp-Image-2021-11-28-at-15.37.02.jpeg)\"><\/div><\/div>[\/vc_column][\/vc_row][vc_row equal_height=&#8221;yes&#8221; content_placement=&#8221;middle&#8221; css=&#8221;.vc_custom_1637675665779{padding-top: 30px !important;padding-bottom: 10px !important;}&#8221; el_id=&#8221;hanger4d&#8221;][vc_column css_animation=&#8221;fadeInLeft&#8221; width=&#8221;1\/2&#8243;][vc_column_text]<\/p>\n<p style=\"text-align: center;\"><img loading=\"lazy\" decoding=\"async\" class=\"alignnone size-full wp-image-1345\" src=\"http:\/\/hanger4d.it\/cms\/wp-content\/uploads\/2021\/11\/hanger4d_2.png\" alt=\"\" width=\"500\" height=\"424\" srcset=\"https:\/\/hanger4d.it\/cms\/wp-content\/uploads\/2021\/11\/hanger4d_2.png 500w, https:\/\/hanger4d.it\/cms\/wp-content\/uploads\/2021\/11\/hanger4d_2-300x254.png 300w\" sizes=\"auto, (max-width: 500px) 100vw, 500px\" \/><\/p>\n<p>[\/vc_column_text][\/vc_column][vc_column css_animation=&#8221;fadeInRight&#8221; width=&#8221;1\/2&#8243;][vc_custom_heading text=&#8221;Hanger4d&#8221; font_container=&#8221;tag:h4|text_align:left&#8221; use_theme_fonts=&#8221;yes&#8221; decor_line=&#8221;on&#8221; decor_line_bg=&#8221;gradient&#8221; decor_line_bg_gradient=&#8221;0% #13EF34,100% #096018||background: url(data:image\/svg+xml;base64,PHN2ZyB4bWxucz0iaHR0cDovL3d3dy53My5vcmcvMjAwMC9zdmciPjxkZWZzPjxsaW5lYXJHcmFkaWVudCBpZD0iZ3JhZGllbnQiIHgxPSIwJSIgeTE9IjAlIiB4Mj0iMTAwJSIgeTI9IjAlIj48c3RvcCBvZmZzZXQ9IjAlIiBzdHlsZT0ic3RvcC1jb2xvcjojMTNFRjM0OyIgLz48c3RvcCBvZmZzZXQ9IjEwMCUiIHN0eWxlPSJzdG9wLWNvbG9yOiMwOTYwMTg7IiAvPjwvbGluZWFyR3JhZGllbnQ+PC9kZWZzPjxyZWN0IGZpbGw9InVybCgjZ3JhZGllbnQpIiBoZWlnaHQ9IjEwMCUiIHdpZHRoPSIxMDAlIiAvPjwvc3ZnPg==);<br \/>\nbackground: -webkit-gradient(linear, left top, right top, color-stop(0%, #13EF34), color-stop(100%, #096018));<br \/>\nbackground: -moz-linear-gradient(left,#13EF34 0%,#096018 100%);<br \/>\nbackground: -webkit-linear-gradient(left,#13EF34 0%,#096018 100%);<br \/>\nbackground: -o-linear-gradient(left,#13EF34 0%,#096018 100%);<br \/>\nbackground: -ms-linear-gradient(left,#13EF34 0%,#096018 100%);<br \/>\nbackground: linear-gradient(left,#13EF34 0%,#096018 100%);||horizontal&#8221;][vc_column_text]<span style=\"font-size: 14px; font-weight: 300;\">Hanger4d \u00e8 una App rivolta a Club, Discoteche, Ristoranti, Agenzie di organizzazioni eventi, parcheggi, palestre ecc, ovunque ci sia un servizio di Guardaroba\/Deposito.<br \/>\n<strong>Deve essere installata solo dall\u2019esercente (su dispositivo Android) e non viene chiesto di installare nulla sullo smartphone del cliente finale.<\/strong><br \/>\nHanger4d \u00e8 stata realizzata in due versioni, la Pro e la Lite. La versione Lite \u00e8 gratuita e non prevede tutte le funzionalit\u00e0 comprese nella Pro.<br \/>\nScarica il pdf per conoscere il funzionamento dell&#8217;app.<\/span>[\/vc_column_text]<div class=\"button-area left\"><a class=\"button-style2 button-69fb27cf0ee73\" href=\"http:\/\/hanger4d.it\/cms\/wp-content\/uploads\/2021\/11\/Manuale-H4d-11.21.pdf\" target=\"_self\" title=\"\" rel=\"\">Download PDF<\/a><\/div>[\/vc_column][\/vc_row][vc_row full_width=&#8221;stretch_row_content&#8221; equal_height=&#8221;yes&#8221; content_placement=&#8221;middle&#8221; css=&#8221;.vc_custom_1507119065971{background-color: #f5f5f5 !important;}&#8221;][vc_column css_animation=&#8221;fadeInLeft&#8221; width=&#8221;5\/12&#8243; css=&#8221;.vc_custom_1507896783621{padding-top: 40px !important;padding-bottom: 40px !important;}&#8221;][vc_custom_heading text=&#8221;Hanger4d \u00e8&#8221; font_container=&#8221;tag:h4|text_align:left&#8221; use_theme_fonts=&#8221;yes&#8221; decor_line=&#8221;on&#8221; decor_line_bg=&#8221;gradient&#8221; decor_line_bg_gradient=&#8221;0% #13EF34,100% #096018||background: url(data:image\/svg+xml;base64,PHN2ZyB4bWxucz0iaHR0cDovL3d3dy53My5vcmcvMjAwMC9zdmciPjxkZWZzPjxsaW5lYXJHcmFkaWVudCBpZD0iZ3JhZGllbnQiIHgxPSIwJSIgeTE9IjAlIiB4Mj0iMTAwJSIgeTI9IjAlIj48c3RvcCBvZmZzZXQ9IjAlIiBzdHlsZT0ic3RvcC1jb2xvcjojMTNFRjM0OyIgLz48c3RvcCBvZmZzZXQ9IjEwMCUiIHN0eWxlPSJzdG9wLWNvbG9yOiMwOTYwMTg7IiAvPjwvbGluZWFyR3JhZGllbnQ+PC9kZWZzPjxyZWN0IGZpbGw9InVybCgjZ3JhZGllbnQpIiBoZWlnaHQ9IjEwMCUiIHdpZHRoPSIxMDAlIiAvPjwvc3ZnPg==);<br \/>\nbackground: -webkit-gradient(linear, left top, right top, color-stop(0%, #13EF34), color-stop(100%, #096018));<br \/>\nbackground: -moz-linear-gradient(left,#13EF34 0%,#096018 100%);<br \/>\nbackground: -webkit-linear-gradient(left,#13EF34 0%,#096018 100%);<br \/>\nbackground: -o-linear-gradient(left,#13EF34 0%,#096018 100%);<br \/>\nbackground: -ms-linear-gradient(left,#13EF34 0%,#096018 100%);<br \/>\nbackground: linear-gradient(left,#13EF34 0%,#096018 100%);||horizontal&#8221;][vc_tta_accordion shape=&#8221;round&#8221; color=&#8221;white&#8221; spacing=&#8221;15&#8243; c_icon=&#8221;&#8221; active_section=&#8221;1&#8243; active_gradient=&#8221;0% #13EF34,100% #096018||background: url(data:image\/svg+xml;base64,PHN2ZyB4bWxucz0iaHR0cDovL3d3dy53My5vcmcvMjAwMC9zdmciPjxkZWZzPjxsaW5lYXJHcmFkaWVudCBpZD0iZ3JhZGllbnQiIHgxPSIwJSIgeTE9IjAlIiB4Mj0iMTAwJSIgeTI9IjAlIj48c3RvcCBvZmZzZXQ9IjAlIiBzdHlsZT0ic3RvcC1jb2xvcjojMTNFRjM0OyIgLz48c3RvcCBvZmZzZXQ9IjEwMCUiIHN0eWxlPSJzdG9wLWNvbG9yOiMwOTYwMTg7IiAvPjwvbGluZWFyR3JhZGllbnQ+PC9kZWZzPjxyZWN0IGZpbGw9InVybCgjZ3JhZGllbnQpIiBoZWlnaHQ9IjEwMCUiIHdpZHRoPSIxMDAlIiAvPjwvc3ZnPg==);<br \/>\nbackground: -webkit-gradient(linear, left top, right top, color-stop(0%, #13EF34), color-stop(100%, #096018));<br \/>\nbackground: -moz-linear-gradient(left,#13EF34 0%,#096018 100%);<br \/>\nbackground: -webkit-linear-gradient(left,#13EF34 0%,#096018 100%);<br \/>\nbackground: -o-linear-gradient(left,#13EF34 0%,#096018 100%);<br \/>\nbackground: -ms-linear-gradient(left,#13EF34 0%,#096018 100%);<br \/>\nbackground: linear-gradient(left,#13EF34 0%,#096018 100%);||horizontal&#8221; active_color=&#8221;#ffffff&#8221;][vc_tta_section i_icon_fontawesome=&#8221;fas fa-leaf&#8221; add_icon=&#8221;true&#8221; title=&#8221;Green&#8221; tab_id=&#8221;1507113723942-163b0da1-dc54&#8243;][vc_column_text]<em>permette di dematerializzare i ticket cartacei (utilizzabili da Guardaroba\/Luggage Room\/Parcheggi)<\/em>[\/vc_column_text][\/vc_tta_section][vc_tta_section i_icon_fontawesome=&#8221;miscellaneous-icon-compass&#8221; add_icon=&#8221;true&#8221; title=&#8221;Semplice&#8221; tab_id=&#8221;1507113723981-07145727-aa97&#8243;][vc_column_text]<em>funzioni intuitive, <a href=\"http:\/\/hanger4d.it\/cms\/wp-content\/uploads\/2021\/11\/Manuale-H4d-11.21.pdf\">scarica il PDF<\/a><\/em>[\/vc_column_text][\/vc_tta_section][vc_tta_section i_icon_fontawesome=&#8221;miscellaneous-icon-checked&#8221; add_icon=&#8221;true&#8221; title=&#8221;Pratica&#8221; tab_id=&#8221;1507114301759-e0ceeb5e-b0a2&#8243;][vc_column_text]<em>al cliente finale, non viene chiesto di installare nulla sul proprio cellulare<\/em>[\/vc_column_text][\/vc_tta_section][vc_tta_section i_icon_fontawesome=&#8221;basic-ui-icon-favorite&#8221; add_icon=&#8221;true&#8221; title=&#8221;Utile&#8221; tab_id=&#8221;1507114372451-11603a3f-24da&#8221;][vc_column_text]<em>crea un punto di contatto con il cliente finale per la gestione durante l\u2019evento, per la fidelizzazione dello stesso ed evita che bigliettini o targhette riutilizzabili vadano smarrite<\/em>[\/vc_column_text][\/vc_tta_section][\/vc_tta_accordion][\/vc_column][vc_column css_animation=&#8221;fadeInRight&#8221; width=&#8221;7\/12&#8243; css=&#8221;.vc_custom_1507896789964{padding-top: 20px !important;}&#8221;][vc_column_text]<\/p>\n<p style=\"text-align: center;\"><img decoding=\"async\" class=\"alignnone size-medium wp-image-1343\" src=\"http:\/\/hanger4d.it\/cms\/wp-content\/uploads\/2021\/11\/hanger4d_1_2.png\" alt=\"\" width=\"auto\" \/><\/p>\n<p>[\/vc_column_text][\/vc_column][\/vc_row][vc_row css_animation=&#8221;fadeInUp&#8221; el_id=&#8221;vantaggi&#8221;][vc_column][vc_custom_heading text=&#8221;Hanger4d Pro consente di:&#8221; font_container=&#8221;tag:h4|text_align:left&#8221; use_theme_fonts=&#8221;yes&#8221; decor_line=&#8221;on&#8221; decor_line_bg=&#8221;gradient&#8221; css=&#8221;.vc_custom_1638120688606{margin-bottom: -25px !important;}&#8221; decor_line_bg_gradient=&#8221;0% #13EF34,100% #096018||background: url(data:image\/svg+xml;base64,PHN2ZyB4bWxucz0iaHR0cDovL3d3dy53My5vcmcvMjAwMC9zdmciPjxkZWZzPjxsaW5lYXJHcmFkaWVudCBpZD0iZ3JhZGllbnQiIHgxPSIwJSIgeTE9IjAlIiB4Mj0iMTAwJSIgeTI9IjAlIj48c3RvcCBvZmZzZXQ9IjAlIiBzdHlsZT0ic3RvcC1jb2xvcjojMTNFRjM0OyIgLz48c3RvcCBvZmZzZXQ9IjEwMCUiIHN0eWxlPSJzdG9wLWNvbG9yOiMwOTYwMTg7IiAvPjwvbGluZWFyR3JhZGllbnQ+PC9kZWZzPjxyZWN0IGZpbGw9InVybCgjZ3JhZGllbnQpIiBoZWlnaHQ9IjEwMCUiIHdpZHRoPSIxMDAlIiAvPjwvc3ZnPg==);<br \/>\nbackground: -webkit-gradient(linear, left top, right top, color-stop(0%, #13EF34), color-stop(100%, #096018));<br \/>\nbackground: -moz-linear-gradient(left,#13EF34 0%,#096018 100%);<br \/>\nbackground: -webkit-linear-gradient(left,#13EF34 0%,#096018 100%);<br \/>\nbackground: -o-linear-gradient(left,#13EF34 0%,#096018 100%);<br \/>\nbackground: -ms-linear-gradient(left,#13EF34 0%,#096018 100%);<br \/>\nbackground: linear-gradient(left,#13EF34 0%,#096018 100%);||horizontal&#8221;][\/vc_column][vc_column css_animation=&#8221;fadeInUp&#8221; width=&#8221;1\/3&#8243;]<div class=\"icon-box\" id=\"icon-box-69fb27cf0f141\"><div class=\"icon\"><i class=\"far fa-sticky-note\"><\/i><\/div><div class=\"block\"><div class=\"h\">creare etichette<\/div><div class=\"text\">creazione di etichette riutilizzabili in PDF<\/div><\/div><\/div><div class=\"icon-box\" id=\"icon-box-69fb27cf0f415\"><div class=\"icon\"><i class=\"fas fa-clipboard-list\"><\/i><\/div><div class=\"block\"><div class=\"h\">Consultare liste<\/div><div class=\"text\">consultare le liste ed estrarle in formato XML<\/div><\/div><\/div><div class=\"icon-box\" id=\"icon-box-69fb27cf0f63e\"><div class=\"icon\"><i class=\"fas fa-server\"><\/i><\/div><div class=\"block\"><div class=\"h\">Conservare backup<\/div><div class=\"text\">il back-up delle liste su server<\/div><\/div><\/div>[\/vc_column][vc_column css_animation=&#8221;fadeInUp&#8221; width=&#8221;1\/3&#8243;]<div class=\"icon-box\" id=\"icon-box-69fb27cf0f831\"><div class=\"icon\"><i class=\"fas fa-share-square\"><\/i><\/div><div class=\"block\"><div class=\"h\">inoltrare ticket<\/div><div class=\"text\">tramite WhatsApp, Email, Bluetooth ed SMS<\/div><\/div><\/div><div class=\"icon-box\" id=\"icon-box-69fb27cf0fa60\"><div class=\"icon\"><i class=\"fas fa-sms\"><\/i><\/div><div class=\"block\"><div class=\"h\">Reinviare messaggi<\/div><div class=\"text\">rinviare il messaggio da opzione liste<\/div><\/div><\/div>[\/vc_column][vc_column css_animation=&#8221;fadeInUp&#8221; width=&#8221;1\/3&#8243;]<div class=\"icon-box\" id=\"icon-box-69fb27cf0fc55\"><div class=\"icon\"><i class=\"fas fa-camera\"><\/i><\/div><div class=\"block\"><div class=\"h\">Aggiungere foto<\/div><div class=\"text\">aggiungere una foto dell'oggetto depositato<\/div><\/div><\/div><div class=\"icon-box\" id=\"icon-box-69fb27cf0fe37\"><div class=\"icon\"><i class=\"far fa-check-circle\"><\/i><\/div><div class=\"block\"><div class=\"h\">Tracking del deposito<\/div><div class=\"text\">Identificare l'oggetto come ritirato (check-in\/check-out)<\/div><\/div><\/div>[\/vc_column][\/vc_row][vc_row full_width=&#8221;stretch_row_content&#8221; css_animation=&#8221;fadeInLeft&#8221; css=&#8221;.vc_custom_1507896840861{padding-top: 25px !important;background-color: #f5f5f5 !important;}&#8221;][vc_column][vc_custom_heading text=&#8221;Hanger4d, ecco come si presenta:&#8221; font_container=&#8221;tag:h4|text_align:left&#8221; use_theme_fonts=&#8221;yes&#8221; decor_line=&#8221;on&#8221; decor_line_bg=&#8221;gradient&#8221; decor_line_bg_gradient=&#8221;0% #13EF34,100% #096018||background: url(data:image\/svg+xml;base64,PHN2ZyB4bWxucz0iaHR0cDovL3d3dy53My5vcmcvMjAwMC9zdmciPjxkZWZzPjxsaW5lYXJHcmFkaWVudCBpZD0iZ3JhZGllbnQiIHgxPSIwJSIgeTE9IjAlIiB4Mj0iMTAwJSIgeTI9IjAlIj48c3RvcCBvZmZzZXQ9IjAlIiBzdHlsZT0ic3RvcC1jb2xvcjojMTNFRjM0OyIgLz48c3RvcCBvZmZzZXQ9IjEwMCUiIHN0eWxlPSJzdG9wLWNvbG9yOiMwOTYwMTg7IiAvPjwvbGluZWFyR3JhZGllbnQ+PC9kZWZzPjxyZWN0IGZpbGw9InVybCgjZ3JhZGllbnQpIiBoZWlnaHQ9IjEwMCUiIHdpZHRoPSIxMDAlIiAvPjwvc3ZnPg==);<br \/>\nbackground: -webkit-gradient(linear, left top, right top, color-stop(0%, #13EF34), color-stop(100%, #096018));<br \/>\nbackground: -moz-linear-gradient(left,#13EF34 0%,#096018 100%);<br \/>\nbackground: -webkit-linear-gradient(left,#13EF34 0%,#096018 100%);<br \/>\nbackground: -o-linear-gradient(left,#13EF34 0%,#096018 100%);<br \/>\nbackground: -ms-linear-gradient(left,#13EF34 0%,#096018 100%);<br \/>\nbackground: linear-gradient(left,#13EF34 0%,#096018 100%);||horizontal&#8221;][vc_column_text]<span style=\"font-size: 14px; font-weight: 300;\">Al cliente finale, non viene chiesto di installare nulla sul proprio cellulare.<\/span>[\/vc_column_text]<div class=\"app-screenshots row app-screenshots-59d6462b8fd7b\"><div class=\"phone-mockup phone-mockup-59d64957722eb phone-samsung-s8\"><div style=\"background-image: url(https:\/\/hanger4d.it\/cms\/wp-content\/uploads\/2021\/11\/WhatsApp-Image-2021-11-28-at-15.37.02.jpeg)\"><\/div><\/div><div class=\"phone-mockup  phone-samsung-s8\"><div style=\"background-image: url(https:\/\/hanger4d.it\/cms\/wp-content\/uploads\/2021\/11\/Screenshot_20211128_211534_com.epas_.hangerlt.jpg)\"><\/div><\/div><div class=\"phone-mockup  phone-samsung-s8\"><div style=\"background-image: url(https:\/\/hanger4d.it\/cms\/wp-content\/uploads\/2021\/11\/Screenshot_20211122_130255_com.epas_.hangerlt.jpg)\"><\/div><\/div><div class=\"phone-mockup  phone-samsung-s8\"><div style=\"background-image: url(https:\/\/hanger4d.it\/cms\/wp-content\/uploads\/2021\/11\/Screenshot_20211122_130339_com.epas_.hangerlt.jpg)\"><\/div><\/div><\/div>[\/vc_column][\/vc_row][vc_row full_width=&#8221;stretch_row_content&#8221; show_background_gradient=&#8221;true&#8221; custom_text_color=&#8221;#ffffff&#8221; background_gradient=&#8221;0% #13EF34,100% #096018||background: url(data:image\/svg+xml;base64,PHN2ZyB4bWxucz0iaHR0cDovL3d3dy53My5vcmcvMjAwMC9zdmciPjxkZWZzPjxsaW5lYXJHcmFkaWVudCBpZD0iZ3JhZGllbnQiIHgxPSIwJSIgeTE9IjAlIiB4Mj0iMTAwJSIgeTI9IjAlIj48c3RvcCBvZmZzZXQ9IjAlIiBzdHlsZT0ic3RvcC1jb2xvcjojMTNFRjM0OyIgLz48c3RvcCBvZmZzZXQ9IjEwMCUiIHN0eWxlPSJzdG9wLWNvbG9yOiMwOTYwMTg7IiAvPjwvbGluZWFyR3JhZGllbnQ+PC9kZWZzPjxyZWN0IGZpbGw9InVybCgjZ3JhZGllbnQpIiBoZWlnaHQ9IjEwMCUiIHdpZHRoPSIxMDAlIiAvPjwvc3ZnPg==);<br \/>\nbackground: -webkit-gradient(linear, left top, right top, color-stop(0%, #13EF34), color-stop(100%, #096018));<br \/>\nbackground: -moz-linear-gradient(left,#13EF34 0%,#096018 100%);<br \/>\nbackground: -webkit-linear-gradient(left,#13EF34 0%,#096018 100%);<br \/>\nbackground: -o-linear-gradient(left,#13EF34 0%,#096018 100%);<br \/>\nbackground: -ms-linear-gradient(left,#13EF34 0%,#096018 100%);<br \/>\nbackground: linear-gradient(left,#13EF34 0%,#096018 100%);||horizontal&#8221; css=&#8221;.vc_custom_1637693209582{padding-top: 15px !important;padding-bottom: 5px !important;}&#8221;][vc_column css_animation=&#8221;fadeInLeft&#8221; width=&#8221;1\/3&#8243;][vc_column_text]<\/p>\n<h6><span style=\"font-weight: bold;\">Vantaggi economici<\/span><\/h6>\n<p>Azzeramento della spesa per acquisto ticket cartacei.[\/vc_column_text][\/vc_column][vc_column css_animation=&#8221;fadeInUp&#8221; width=&#8221;1\/3&#8243;][vc_column_text]<\/p>\n<h6><strong>Customer satisfaction<\/strong><\/h6>\n<p>Consente di poter seguire il cliente dall&#8217;accesso fino all&#8217;uscita e permette di inviare allo stesso eventuali informazioni se necessarie.[\/vc_column_text][\/vc_column][vc_column css_animation=&#8221;fadeInRight&#8221; width=&#8221;1\/3&#8243;][vc_column_text]<\/p>\n<h6><strong>Bilancio sociale<\/strong><\/h6>\n<p>Ogni azienda che utilizzer\u00e0 l&#8217;app aiuter\u00e0 il pianeta a consumare meno carta, facendo la sua parte.[\/vc_column_text][\/vc_column][\/vc_row][vc_row full_width=&#8221;stretch_row_content_no_spaces&#8221;][vc_column]<div class=\"banner banner-69fb27cf13cb1 fixed-height\" style=\"height: 300px;\"><div class=\"item banner-item-69fb27cf141f4 tac\" style=\"\"><div class=\"overlay\"><\/div><div class=\"container\"><div class=\"cell\"><div class=\"heading-decor tac\"><h3 class=\"h\">``Le piccole cose sono responsabili dei grandi cambiamenti``<\/h3><\/div><div class=\"text\">- P. Coelho -<\/div><\/div><\/div><\/div><\/div>[\/vc_column][\/vc_row][vc_row full_width=&#8221;stretch_row_content_no_spaces&#8221; equal_height=&#8221;yes&#8221; css=&#8221;.vc_custom_1637675687530{background-color: #f9f9f9 !important;}&#8221; el_id=&#8221;contatti&#8221;][vc_column css_animation=&#8221;fadeInLeft&#8221; width=&#8221;1\/3&#8243; css=&#8221;.vc_custom_1507896873434{border-top-width: 1px !important;border-right-width: 1px !important;padding-bottom: 35px !important;border-right-color: #e7e7e7 !important;border-right-style: solid !important;border-top-color: #e7e7e7 !important;border-top-style: solid !important;}&#8221;][vc_icon icon_fontawesome=&#8221;fas fa-user-tie&#8221; color=&#8221;black&#8221; size=&#8221;xl&#8221; align=&#8221;center&#8221;][vc_column_text]<\/p>\n<h6 style=\"text-align: center;\"><span style=\"text-transform: uppercase; font-weight: 500;\">MANAGER<\/span><\/h6>\n<p style=\"text-align: center;\"><span style=\"font-size: 12px; font-weight: 300;\">PROJECT MANAGER | MIRKO PASCUCCI <\/span><\/p>\n<p style=\"text-align: center;\"><span style=\"font-size: 12px; font-weight: 300;\"><a href=\"http:\/\/hanger4d.it\/index.php\/privacy-policy\/\">Privacy Policy<\/a> | <a href=\"http:\/\/hanger4d.it\/index.php\/cookie-policy\/\">Cookie Policy<\/a> <\/span><\/p>\n<p>[\/vc_column_text][\/vc_column][vc_column css_animation=&#8221;fadeInUp&#8221; width=&#8221;1\/3&#8243; css=&#8221;.vc_custom_1507896878140{border-top-width: 1px !important;border-right-width: 1px !important;border-right-color: #e7e7e7 !important;border-right-style: solid !important;border-top-color: #e7e7e7 !important;border-top-style: solid !important;}&#8221;][vc_icon icon_fontawesome=&#8221;fab fa-whatsapp&#8221; color=&#8221;black&#8221; size=&#8221;xl&#8221; align=&#8221;center&#8221;][vc_column_text]<\/p>\n<h6 style=\"text-align: center;\"><span style=\"text-transform: uppercase; font-weight: 500;\">SCRIVICI<\/span><\/h6>\n<p style=\"text-align: center;\"><span style=\"font-size: 12px; font-weight: 300;\">Scrivici su WhatsApp indicandoci il numero sul quale vuoi essere contattato, se diverso da quello dal quale ci invierai il messaggio. Ti risponderemo quanto prima.<\/span><\/p>\n<p>[\/vc_column_text][vc_column_text css=&#8221;.vc_custom_1673188298929{margin-top: 40px !important;}&#8221;]<\/p>\n<p style=\"text-align: center;\"><a href=\"https:\/\/wa.me\/393288278240\" target=\"_blank\" rel=\"noopener\"><span style=\"font-size: 18px; font-weight: 500;\">+39 328 8278240<\/span><\/a><\/p>\n<p>[\/vc_column_text][\/vc_column][vc_column css_animation=&#8221;fadeInRight&#8221; width=&#8221;1\/3&#8243; css=&#8221;.vc_custom_1507896882108{border-top-width: 1px !important;border-top-color: #e7e7e7 !important;border-top-style: solid !important;}&#8221;][vc_icon icon_fontawesome=&#8221;far fa-envelope&#8221; color=&#8221;black&#8221; size=&#8221;xl&#8221; align=&#8221;center&#8221;][vc_column_text]<\/p>\n<h6 style=\"text-align: center;\"><span style=\"text-transform: uppercase; font-weight: 500;\">SCRIVICI<\/span><\/h6>\n<p style=\"text-align: center;\"><span style=\"font-size: 12px; font-weight: 300;\">Scrivici per qualsiasi tipo di informazione. Ti risponderemo al pi\u00f9 presto.<\/span><\/p>\n<p>[\/vc_column_text][vc_column_text css=&#8221;.vc_custom_1637676622977{margin-top: 40px !important;}&#8221;]<\/p>\n<p style=\"text-align: center;\"><span style=\"font-size: 18px; font-weight: 500;\"><a href=\"mailto:hanger4d@yahoo.com\">hanger4d@yahoo.com<\/a><\/span><\/p>\n<p>[\/vc_column_text][\/vc_column][\/vc_row]<\/p>\n","protected":false},"excerpt":{"rendered":"<p>[vc_row full_width=&#8221;stretch_row&#8221; background_position=&#8221;center center&#8221; css=&#8221;.vc_custom_1637675448155{background-color: #bfbfbf !important;background-position: center !important;background-repeat: no-repeat !important;background-size: cover !important;}&#8221; custom_text_color=&#8221;#ffffff&#8221; el_id=&#8221;home&#8221;][vc_column width=&#8221;1\/2&#8243; css=&#8221;.vc_custom_1507105041583{padding-top: 30% !important;padding-bottom: 30% !important;}&#8221;][vc_column_text] Hanger4d: l&#8217;app creata per la digitalizzazione dei ticket cartacei Permette di associare l\u2019oggetto depositato, ad un numero di telefono o email.[\/vc_column_text][\/vc_column][vc_column width=&#8221;1\/2&#8243; css=&#8221;.vc_custom_1507105074485{padding-top: 13% !important;}&#8221;][\/vc_column][\/vc_row][vc_row equal_height=&#8221;yes&#8221; content_placement=&#8221;middle&#8221; css=&#8221;.vc_custom_1637675665779{padding-top: 30px !important;padding-bottom: 10px !important;}&#8221; el_id=&#8221;hanger4d&#8221;][vc_column css_animation=&#8221;fadeInLeft&#8221; [&hellip;]<\/p>\n","protected":false},"author":1,"featured_media":0,"parent":0,"menu_order":0,"comment_status":"closed","ping_status":"closed","template":"template-landing.php","meta":{"footnotes":""},"class_list":["post-886","page","type-page","status-publish","hentry"],"acf":[],"_links":{"self":[{"href":"https:\/\/hanger4d.it\/index.php\/wp-json\/wp\/v2\/pages\/886","targetHints":{"allow":["GET"]}}],"collection":[{"href":"https:\/\/hanger4d.it\/index.php\/wp-json\/wp\/v2\/pages"}],"about":[{"href":"https:\/\/hanger4d.it\/index.php\/wp-json\/wp\/v2\/types\/page"}],"author":[{"embeddable":true,"href":"https:\/\/hanger4d.it\/index.php\/wp-json\/wp\/v2\/users\/1"}],"replies":[{"embeddable":true,"href":"https:\/\/hanger4d.it\/index.php\/wp-json\/wp\/v2\/comments?post=886"}],"version-history":[{"count":71,"href":"https:\/\/hanger4d.it\/index.php\/wp-json\/wp\/v2\/pages\/886\/revisions"}],"predecessor-version":[{"id":1442,"href":"https:\/\/hanger4d.it\/index.php\/wp-json\/wp\/v2\/pages\/886\/revisions\/1442"}],"wp:attachment":[{"href":"https:\/\/hanger4d.it\/index.php\/wp-json\/wp\/v2\/media?parent=886"}],"curies":[{"name":"wp","href":"https:\/\/api.w.org\/{rel}","templated":true}]}}